{"id":2841,"date":"2026-04-20T09:43:41","date_gmt":"2026-04-20T07:43:41","guid":{"rendered":"https:\/\/largalego.com\/?page_id=2841"},"modified":"2026-05-12T13:28:13","modified_gmt":"2026-05-12T11:28:13","slug":"cookie-policy","status":"publish","type":"page","link":"https:\/\/largalego.com\/en\/cookie-policy\/","title":{"rendered":"Cookie Policy"},"content":{"rendered":"<h4 align=\"JUSTIFY\"><strong>1. WHAT ARE COOKIES?<\/strong><\/h4>\n<p align=\"JUSTIFY\">Cookies are small files installed on the hard drive or browser of a computer, tablet, smartphone, or equivalent device with Internet browsing capabilities. They help, among other things, to personalize the website owner\u2019s services, facilitate browsing and usability, obtain aggregated information about website visitors, enable the playback and display of multimedia content on the website itself, allow interaction elements between the user and the website, enable security tools, etc.<\/p>\n<h4 align=\"JUSTIFY\"><strong>2. DEFINITIONS USED IN THIS COOKIE POLICY<\/strong><\/h4>\n<ul>\n<li>\n<p align=\"JUSTIFY\">Data: Information obtained through the user\u2019s terminal equipment via data storage and retrieval devices (cookies or others). Data shall be considered personal when it relates to identified or identifiable natural persons, as established in Article 4 of the GDPR.<\/p>\n<\/li>\n<li>\n<p align=\"JUSTIFY\">Aggregated information: Non-personal information, typically numerical, used for statistical purposes.<\/p>\n<\/li>\n<li>\n<p align=\"JUSTIFY\">Terminal equipment: The device from which the user accesses the service, such as a personal computer, mobile phone, tablet, etc., and from which the information is obtained.<\/p>\n<\/li>\n<li>\n<p align=\"JUSTIFY\">Publisher: The party responsible for or owner of the website.<\/p>\n<\/li>\n<li>\n<p align=\"JUSTIFY\">Third party: External entity, collaborator, service provider, or entity related to the publisher involved in the management of certain cookies.<\/p>\n<\/li>\n<li>\n<p align=\"JUSTIFY\">Cookie controller: The publisher, party responsible for, or owner of the website, or in some cases, a third party.<\/p>\n<\/li>\n<li>\n<p align=\"JUSTIFY\">Browsing habits: Trends shown by the user while browsing a website, such as time spent on the page, sections visited, most frequently visited sections, source of the visit, destination of the visit, among others.<\/p>\n<\/li>\n<\/ul>\n<h4 align=\"JUSTIFY\"><strong>3. WHAT TYPES OF COOKIES EXIST?<\/strong><\/h4>\n<p align=\"JUSTIFY\">According to the entity that manages them:<\/p>\n<p align=\"JUSTIFY\"><u>First-party cookies<\/u>: These are cookies sent to the user\u2019s terminal equipment from a device or domain managed by the publisher itself and from which the service requested by the user is provided.<\/p>\n<p align=\"JUSTIFY\"><u>Third-party cookies<\/u>: These are cookies sent to the user\u2019s terminal equipment from a device or domain not managed by the publisher, but by another entity that processes the data obtained through the cookies.<\/p>\n<p align=\"JUSTIFY\">According to the period of time they remain active on the terminal equipment:<\/p>\n<p align=\"JUSTIFY\"><u>Session cookies<\/u>: These are designed to collect and store data while the user accesses a website. They are usually used to store information that only needs to be kept for the duration of the requested service on a single occasion (for example, a list of purchased products) and disappear once the session ends.<\/p>\n<p align=\"JUSTIFY\"><u>Persistent cookies<\/u>: These are cookies in which the data remains stored on the terminal and may be accessed and processed for a period defined by the cookie controller, ranging from a few minutes to several years.<\/p>\n<p align=\"JUSTIFY\">According to the purpose for which the data obtained through the cookies is processed:<\/p>\n<p align=\"JUSTIFY\"><u>Technical cookies<\/u>: These are cookies that allow the user to browse through a website, platform, or application and use the various options or services available therein, including those used by the publisher to manage and operate the website and enable its functions and services, such as controlling traffic and data communication, identifying the session, accessing restricted-access areas, remembering the items that make up an order, processing the purchase of an order, managing payment, controlling fraud related to service security, handling registration or participation requests for an event, counting visits for software licensing billing purposes, using security elements during browsing, storing content for video or audio broadcasting, enabling dynamic content (for example, loading animation of text or images), or sharing content through social networks. Also included in this category, due to their technical nature, are cookies that enable the most efficient possible management of advertising spaces that, as another design or layout element of the service offered to the user, the publisher has included on a website, application, or platform based on criteria such as edited content, without collecting information from users for purposes other than personalizing advertising or other content.<\/p>\n<p align=\"JUSTIFY\"><u>Preference or personalization cookies<\/u>: These are cookies that allow information to be remembered so that the user accesses the service with certain characteristics that may differentiate their experience from that of other users, such as language, the number of results to display when the user performs a search, the appearance or content of the service depending on the type of browser through which the user accesses the service, or the region from which the service is accessed, etc.<\/p>\n<p align=\"JUSTIFY\"><u>Analytics or measurement cookies<\/u>: These are cookies that allow the controller to monitor and analyze the behavior of users of the websites to which they are linked, including the quantification of the impact of advertisements. The information collected through these cookies is used to measure website, application, or platform activity in order to introduce improvements based on the analysis of usage data provided by users of the service.<\/p>\n<p align=\"JUSTIFY\"><u>Advertising cookies<\/u>: These are cookies that allow the most efficient management possible of advertising spaces that, where appropriate, the publisher may have included on a website, application, or platform from which the requested service is provided, based on criteria such as the edited content or the frequency with which advertisements are displayed.<\/p>\n<p align=\"JUSTIFY\"><u>Behavioral advertising cookies<\/u>: These are cookies that allow the most efficient management possible of advertising spaces that, where appropriate, the publisher may have included on a website, application, or platform from which the requested service is provided. These cookies store information about users\u2019 behavior obtained through the continuous observation of their browsing habits, allowing a specific profile to be developed in order to display advertising based on it.<\/p>\n<h4 align=\"JUSTIFY\"><strong>4. SPECIFICALLY, WHICH COOKIES DO WE USE?<\/strong><\/h4>\n<table border=\"1\" width=\"100%\" cellspacing=\"0\" cellpadding=\"7\">\n<thead>\n<tr valign=\"TOP\" bgcolor=\"#2e1f18\">\n<td bgcolor=\"#2e1f18\" width=\"20%\" height=\"5\">\n<p align=\"CENTER\"><span style=\"color: #e0e0e0;\"><b>FIRST-PARTY<\/b><\/span><\/p>\n<\/td>\n<td colspan=\"5\" bgcolor=\"#2e1f18\" width=\"80%\"><\/td>\n<\/tr>\n<tr>\n<td colspan=\"2\" bgcolor=\"#877165\" width=\"23%\">\n<p align=\"CENTER\"><b><span>NAME<\/span><\/b><\/p>\n<\/td>\n<td bgcolor=\"#877165\" width=\"13%\">\n<p align=\"CENTER\"><span><b>TYPE<\/b><\/span><\/p>\n<\/td>\n<td bgcolor=\"#877165\" width=\"25%\">\n<p align=\"CENTER\"><span><b>DOMAIN<\/b><\/span><\/p>\n<\/td>\n<td bgcolor=\"#877165\" width=\"20%\">\n<p align=\"CENTER\"><span><b>EXPIRATION<\/b><\/span><\/p>\n<\/td>\n<td bgcolor=\"#877165\" width=\"18%\">\n<p align=\"CENTER\"><span><b>FUNCTION<\/b><\/span><\/p>\n<\/td>\n<\/tr>\n<\/thead>\n<tbody>\n<tr>\n<td colspan=\"2\" width=\"23%\">wp-settings-time-1<\/td>\n<td width=\"13%\">Functional<\/td>\n<td width=\"25%\">largalego.com<\/td>\n<td width=\"20%\">1 year<\/td>\n<td width=\"18%\">Customize the user interface<\/td>\n<\/tr>\n<tr>\n<td colspan=\"2\" width=\"23%\">wp-settings-1<\/td>\n<td width=\"13%\">Functional<\/td>\n<td width=\"25%\">largalego.com<\/td>\n<td width=\"20%\">1 year<\/td>\n<td width=\"18%\">Customize the user interface<\/td>\n<\/tr>\n<tr>\n<td colspan=\"2\" width=\"23%\"><span>cmplz_functional<\/span><\/td>\n<td width=\"13%\">Functional<\/td>\n<td width=\"25%\">largalego.com<\/td>\n<td width=\"20%\">1 year<\/td>\n<td width=\"18%\">Cookie consent control<\/td>\n<\/tr>\n<tr>\n<td colspan=\"2\" width=\"23%\"><span>cmplz_marketing<\/span><\/td>\n<td width=\"13%\">Functional<\/td>\n<td width=\"25%\">largalego.com<\/td>\n<td width=\"20%\">1 year<\/td>\n<td width=\"18%\">Cookie consent control<\/td>\n<\/tr>\n<tr>\n<td colspan=\"2\" width=\"23%\"><span>cmplz_preferences<\/span><\/td>\n<td width=\"13%\">Functional<\/td>\n<td width=\"25%\">largalego.com<\/td>\n<td width=\"20%\">1 year<\/td>\n<td width=\"18%\">Cookie consent control<\/td>\n<\/tr>\n<tr>\n<td colspan=\"2\" width=\"23%\"><span>cmplz_statistics<\/span><\/td>\n<td width=\"13%\">Functional<\/td>\n<td width=\"25%\">largalego.com<\/td>\n<td width=\"20%\">1 year<\/td>\n<td width=\"18%\">Cookie consent control<\/td>\n<\/tr>\n<tr>\n<td colspan=\"2\" width=\"23%\"><span>cmplz_consented_services<\/span><\/td>\n<td width=\"13%\">Functional<\/td>\n<td width=\"25%\">largalego.com<\/td>\n<td width=\"20%\">1 year<\/td>\n<td width=\"18%\">Cookie consent control<\/td>\n<\/tr>\n<tr>\n<td colspan=\"2\" width=\"23%\"><span>cmplz_banner-status<\/span><\/td>\n<td width=\"13%\">Functional<\/td>\n<td width=\"25%\">largalego.com<\/td>\n<td width=\"20%\">1 year<\/td>\n<td width=\"18%\">Cookie consent control<\/td>\n<\/tr>\n<tr>\n<td colspan=\"2\" width=\"23%\"><span><small>wp-wpml_current_admin_language_<\/small><\/span><\/td>\n<td width=\"13%\">Functional<\/td>\n<td width=\"25%\">largalego.com<\/td>\n<td width=\"20%\">11 days<\/td>\n<td width=\"18%\">Management of the language used<\/td>\n<\/tr>\n<tr>\n<td colspan=\"2\" width=\"23%\"><span>wp-wpml_current_language<\/span><\/td>\n<td width=\"13%\">Functional<\/td>\n<td width=\"25%\">largalego.com<\/td>\n<td width=\"20%\">1 day<\/td>\n<td width=\"18%\">Management of the language used<\/td>\n<\/tr>\n<tr>\n<td colspan=\"2\" width=\"23%\"><span>cmplz_policy_id<\/span><\/td>\n<td width=\"13%\">Functional<\/td>\n<td width=\"25%\">largalego.com<\/td>\n<td width=\"20%\">1 year<\/td>\n<td width=\"18%\">Cookie consent control<\/td>\n<\/tr>\n<\/tbody>\n<\/table>\n<table border=\"1\" width=\"100%\" cellspacing=\"0\" cellpadding=\"7\">\n<colgroup>\n<col width=\"51*\" \/>\n<col width=\"9*\" \/>\n<col width=\"34*\" \/>\n<col width=\"64*\" \/>\n<col width=\"51*\" \/>\n<col width=\"47*\" \/>\n<col width=\"47*\" \/><\/colgroup>\n<thead>\n<tr valign=\"TOP\">\n<td bgcolor=\"#2e1f18\" width=\"20%\" height=\"5\">\n<p align=\"CENTER\"><span style=\"color: #e0e0e0;\"><b>THIRD-PARTY<\/b><\/span><\/p>\n<\/td>\n<td colspan=\"6\" bgcolor=\"#2e1f18\" width=\"80%\"><\/td>\n<\/tr>\n<tr>\n<td colspan=\"2\" bgcolor=\"#877165\" width=\"15%\">\n<p align=\"CENTER\"><b><span>NAME<\/span><\/b><\/p>\n<\/td>\n<td bgcolor=\"#877165\" width=\"15%\">\n<p align=\"CENTER\"><span><b>TYPE<\/b><\/span><\/p>\n<\/td>\n<td bgcolor=\"#877165\" width=\"15%\">\n<p align=\"CENTER\"><span><b>DOMAIN<\/b><\/span><\/p>\n<\/td>\n<td bgcolor=\"#877165\" width=\"10%\">\n<p align=\"CENTER\"><span><b>EXPIRATION<\/b><\/span><\/p>\n<\/td>\n<td bgcolor=\"#877165\" width=\"25%\">\n<p align=\"CENTER\"><span><b>FUNCTION<\/b><\/span><\/p>\n<\/td>\n<td bgcolor=\"#877165\" width=\"20%\">\n<p align=\"CENTER\"><span><b>LINK<\/b><\/span><\/p>\n<\/td>\n<\/tr>\n<\/thead>\n<tbody>\n<tr>\n<td colspan=\"2\" width=\"15%\">_ga<\/td>\n<td width=\"15%\">Analytics<\/td>\n<td width=\"15%\">largalego.com<\/td>\n<td width=\"10%\">1 year<\/td>\n<td width=\"25%\">Collects anonymous information about users\u2019 browsing activity on the website in order to identify the origin of visits and other similar statistical data.<\/td>\n<td width=\"20%\"><a href=\"https:\/\/support.google.com\/analytics\/answer\/6004245?hl=en\"><span>Analytics<\/span><\/a><\/td>\n<\/tr>\n<tr>\n<td colspan=\"2\" width=\"15%\">_ga_<\/td>\n<td width=\"15%\">Analytics<\/td>\n<td width=\"15%\">largalego.com<\/td>\n<td width=\"10%\">1 year<\/td>\n<td width=\"25%\">Collects anonymous information about users\u2019 browsing activity on the website in order to identify the origin of visits and other similar statistical data.<\/td>\n<td width=\"20%\"><a href=\"https:\/\/support.google.com\/analytics\/answer\/6004245?hl=en\"><span>Analytics<\/span><\/a><\/td>\n<\/tr>\n<tr>\n<td colspan=\"2\" width=\"15%\">_gcl_au<\/td>\n<td width=\"15%\">Functional<\/td>\n<td width=\"15%\">largalego.com<\/td>\n<td width=\"10%\">3 months<\/td>\n<td width=\"25%\">Used by Google Tag Manager to provide the functionality offered by the tool to the website.<\/td>\n<td width=\"20%\"><a href=\"https:\/\/policies.google.com\/technologies\/cookies?hl=en\" rel=\"noopener\">Google Tag Manager<\/a><\/td>\n<\/tr>\n<\/tbody>\n<\/table>\n<p style=\"text-align: justify;\">Through the use of third-party cookies, profiles of visitors to our website may be created. However, these profiles are external to us and under no circumstances do we have responsibility for or control over them. This profiling and the decisions made regarding the data result in a greater level of personalization and prediction regarding users\u2019 preferences.<\/p>\n<p style=\"text-align: justify;\">Through the use of first-party cookies, no profiles are created of users browsing the website and, therefore, no automated decisions are made based on such data.<\/p>\n<p style=\"text-align: justify;\" align=\"JUSTIFY\">You can obtain information regarding any transfers to third countries that may be carried out by the third parties identified in this Cookie Policy, as well as the risks involved in such transfers in accordance with their own policies outside this website, by consulting the corresponding cookie policies provided in the table above.<\/p>\n<p style=\"text-align: justify;\">The remaining cookies that may be introduced, such as: <strong>_utma, utmb, _utmz, <\/strong><strong>PISID, HSID, NID, PREF, SID, SSID <\/strong>and<strong> SAPISID,<\/strong> belong to Google and are only activated when browsing the website while logged into a Google account in the browser. In addition, we have cookies introduced through the use of Google Maps (<strong>APISID<\/strong>, <strong>HSID<\/strong>, <strong>NID<\/strong>, <strong>PREF<\/strong>, <strong>SID<\/strong>, <strong>SSID<\/strong>, <strong>SAPISID<\/strong>) and YouTube (<strong>ACTIVITY<\/strong>, <strong>CONSENT<\/strong>, <strong>GEUP<\/strong>, <strong>CURvQ.resume<\/strong>, <strong>LOGIN_INFO<\/strong>, <strong>VISITOR_INFO_LIVE<\/strong>, <strong>YSC, DKV<\/strong>). However, these are likewise only integrated when a Google account is open in the browser.<\/p>\n<p style=\"text-align: justify;\">On some occasions, tools for interaction with social networks may be used, which may introduce other cookies such as those from Facebook (<strong>act<\/strong>, <strong>c_user<\/strong>, <strong>csm<\/strong>, <strong>datr<\/strong>, <strong>fr<\/strong>, <strong>lu<\/strong>, <strong>p,<\/strong> <strong>presence<\/strong>, <strong>s<\/strong>, <strong>xs<\/strong>, <strong>reg_fb_rel<\/strong>, <strong>reg_fb_gate<\/strong>). However, as mentioned above, these cookies are only introduced if the user is logged into one of the social media accounts in the browser.<\/p>\n<h4 style=\"text-align: justify;\"><strong>5. HOW TO DISABLE COOKIES?<\/strong><\/h4>\n<p style=\"text-align: justify;\" align=\"JUSTIFY\">Blocking or disabling all cookies helps protect privacy, but it may also limit the experience on some websites, restrict functionalities, or even prevent the correct browsing or use of some of their services.<\/p>\n<p style=\"text-align: justify;\" align=\"JUSTIFY\">You can enable or disable the cookies described above (except for technical cookies, which are necessary for the proper functioning of the website) through the configuration tool displayed in the cookie usage notice when accessing our homepage. Please note that if you accept third-party cookies, you must delete them through your browser settings or through the system provided by the third party itself.<\/p>\n<p style=\"text-align: justify;\" align=\"JUSTIFY\">Likewise, if you wish to learn how to disable cookies in the most popular web browsers, please refer to the following tutorials:<\/p>\n<ul style=\"text-align: justify;\">\n<li><a href=\"http:\/\/support.google.com\/chrome\/answer\/95647?hl=en\" rel=\"noopener\">Google Chrome<\/a><\/li>\n<li><a href=\"http:\/\/support.mozilla.org\/en-US\/kb\/enable-and-disable-cookies-website-preferences\" rel=\"noopener\">Mozilla Firefox<\/a><\/li>\n<li><a href=\"http:\/\/windows.microsoft.com\/en-us\/windows-vista\/block-or-allow-cookies\" rel=\"noopener\">Internet Explorer<\/a><\/li>\n<li><a href=\"http:\/\/support.apple.com\/en-us\/HT1677\" rel=\"noopener\">Safari<\/a><\/li>\n<li><a href=\"http:\/\/support.google.com\/chrome\/answer\/2392971?hl=en\" rel=\"noopener\">Chrome for Android<\/a><\/li>\n<li><a href=\"http:\/\/help.opera.com\/Windows\/11.50\/en\/cookies.html\" rel=\"noopener\">Opera<\/a><\/li>\n<\/ul>\n<p style=\"text-align: justify;\" align=\"JUSTIFY\">You can also view and modify our internal Cookie settings here: <button class=\"cmplz-show-banner\">Manage cookie consent<\/button><\/p>\n<p style=\"text-align: justify;\" align=\"JUSTIFY\">If you have any questions or concerns regarding this Cookie Policy, you may contact us through the contact methods provided on our website.<\/p>\n<p style=\"text-align: justify;\" align=\"JUSTIFY\">If you would like complete and detailed information regarding personal data protection, please refer to our Privacy Policy.<\/p>\n","protected":false},"excerpt":{"rendered":"<p>1. WHAT ARE COOKIES? Cookies are small files installed on the hard drive or browser of a computer, tablet, smartphone, or equivalent device with Internet browsing capabilities. They help, among other things, to personalize the website owner\u2019s services, facilitate browsing and usability, obtain aggregated information about website visitors, enable the playback and display of multimedia&#8230;<\/p>\n","protected":false},"author":1,"featured_media":0,"parent":0,"menu_order":0,"comment_status":"closed","ping_status":"closed","template":"","meta":{"_acf_changed":false,"footnotes":""},"class_list":["post-2841","page","type-page","status-publish","hentry"],"acf":[],"yoast_head":"<!-- This site is optimized with the Yoast SEO plugin v27.6 - https:\/\/yoast.com\/product\/yoast-seo-wordpress\/ -->\n<title>Cookie Policy &#187; Mes\u00f3n Lar Galego - Hostal Restaurante en Anna<\/title>\n<meta name=\"robots\" content=\"noindex, nofollow\" \/>\n<meta property=\"og:locale\" content=\"en_US\" \/>\n<meta property=\"og:type\" content=\"article\" \/>\n<meta property=\"og:title\" content=\"Cookie Policy &#187; Mes\u00f3n Lar Galego - Hostal Restaurante en Anna\" \/>\n<meta property=\"og:description\" content=\"1. WHAT ARE COOKIES? Cookies are small files installed on the hard drive or browser of a computer, tablet, smartphone, or equivalent device with Internet browsing capabilities. They help, among other things, to personalize the website owner\u2019s services, facilitate browsing and usability, obtain aggregated information about website visitors, enable the playback and display of multimedia...\" \/>\n<meta property=\"og:url\" content=\"https:\/\/largalego.com\/en\/cookie-policy\/\" \/>\n<meta property=\"og:site_name\" content=\"Mes\u00f3n Lar Galego - Hostal Restaurante en Anna\" \/>\n<meta property=\"article:publisher\" content=\"https:\/\/www.facebook.com\/mesonlargalego\" \/>\n<meta property=\"article:modified_time\" content=\"2026-05-12T11:28:13+00:00\" \/>\n<meta property=\"og:image\" content=\"https:\/\/largalego.com\/wp-content\/uploads\/2026\/04\/presentacion.jpeg\" \/>\n\t<meta property=\"og:image:width\" content=\"800\" \/>\n\t<meta property=\"og:image:height\" content=\"600\" \/>\n\t<meta property=\"og:image:type\" content=\"image\/jpeg\" \/>\n<meta name=\"twitter:card\" content=\"summary_large_image\" \/>\n<meta name=\"twitter:label1\" content=\"Est. reading time\" \/>\n\t<meta name=\"twitter:data1\" content=\"8 minutes\" \/>\n<script type=\"application\/ld+json\" class=\"yoast-schema-graph\">{\"@context\":\"https:\\\/\\\/schema.org\",\"@graph\":[{\"@type\":\"WebPage\",\"@id\":\"https:\\\/\\\/largalego.com\\\/en\\\/cookie-policy\\\/\",\"url\":\"https:\\\/\\\/largalego.com\\\/en\\\/cookie-policy\\\/\",\"name\":\"Cookie Policy &#187; Mes\u00f3n Lar Galego - Hostal Restaurante en Anna\",\"isPartOf\":{\"@id\":\"https:\\\/\\\/largalego.com\\\/#website\"},\"datePublished\":\"2026-04-20T07:43:41+00:00\",\"dateModified\":\"2026-05-12T11:28:13+00:00\",\"breadcrumb\":{\"@id\":\"https:\\\/\\\/largalego.com\\\/en\\\/cookie-policy\\\/#breadcrumb\"},\"inLanguage\":\"en-US\",\"potentialAction\":[{\"@type\":\"ReadAction\",\"target\":[\"https:\\\/\\\/largalego.com\\\/en\\\/cookie-policy\\\/\"]}]},{\"@type\":\"BreadcrumbList\",\"@id\":\"https:\\\/\\\/largalego.com\\\/en\\\/cookie-policy\\\/#breadcrumb\",\"itemListElement\":[{\"@type\":\"ListItem\",\"position\":1,\"name\":\"Portada\",\"item\":\"https:\\\/\\\/largalego.com\\\/en\\\/home-en\\\/\"},{\"@type\":\"ListItem\",\"position\":2,\"name\":\"Cookie Policy\"}]},{\"@type\":\"WebSite\",\"@id\":\"https:\\\/\\\/largalego.com\\\/#website\",\"url\":\"https:\\\/\\\/largalego.com\\\/\",\"name\":\"Mes\u00f3n Lar Galego - Hostal Restaurante en Anna\",\"description\":\"Hostal Restaurante que encontrar\u00e1s en Anna (Valencia) llamado Mes\u00f3n Lar Galego\",\"publisher\":{\"@id\":\"https:\\\/\\\/largalego.com\\\/#organization\"},\"alternateName\":\"Mes\u00f3n Lar Galego\",\"potentialAction\":[{\"@type\":\"SearchAction\",\"target\":{\"@type\":\"EntryPoint\",\"urlTemplate\":\"https:\\\/\\\/largalego.com\\\/?s={search_term_string}\"},\"query-input\":{\"@type\":\"PropertyValueSpecification\",\"valueRequired\":true,\"valueName\":\"search_term_string\"}}],\"inLanguage\":\"en-US\"},{\"@type\":\"Organization\",\"@id\":\"https:\\\/\\\/largalego.com\\\/#organization\",\"name\":\"Mes\u00f3n Lar Galego\",\"alternateName\":\"Hostal Restaurante Lar Galego\",\"url\":\"https:\\\/\\\/largalego.com\\\/\",\"logo\":{\"@type\":\"ImageObject\",\"inLanguage\":\"en-US\",\"@id\":\"https:\\\/\\\/largalego.com\\\/#\\\/schema\\\/logo\\\/image\\\/\",\"url\":\"https:\\\/\\\/largalego.com\\\/wp-content\\\/uploads\\\/2026\\\/04\\\/horreo.png\",\"contentUrl\":\"https:\\\/\\\/largalego.com\\\/wp-content\\\/uploads\\\/2026\\\/04\\\/horreo.png\",\"width\":307,\"height\":307,\"caption\":\"Mes\u00f3n Lar Galego\"},\"image\":{\"@id\":\"https:\\\/\\\/largalego.com\\\/#\\\/schema\\\/logo\\\/image\\\/\"},\"sameAs\":[\"https:\\\/\\\/www.facebook.com\\\/mesonlargalego\",\"https:\\\/\\\/www.instagram.com\\\/largalego\\\/\"]}]}<\/script>\n<!-- \/ Yoast SEO plugin. -->","yoast_head_json":{"title":"Cookie Policy &#187; Mes\u00f3n Lar Galego - Hostal Restaurante en Anna","robots":{"index":"noindex","follow":"nofollow"},"og_locale":"en_US","og_type":"article","og_title":"Cookie Policy &#187; Mes\u00f3n Lar Galego - Hostal Restaurante en Anna","og_description":"1. WHAT ARE COOKIES? Cookies are small files installed on the hard drive or browser of a computer, tablet, smartphone, or equivalent device with Internet browsing capabilities. They help, among other things, to personalize the website owner\u2019s services, facilitate browsing and usability, obtain aggregated information about website visitors, enable the playback and display of multimedia...","og_url":"https:\/\/largalego.com\/en\/cookie-policy\/","og_site_name":"Mes\u00f3n Lar Galego - Hostal Restaurante en Anna","article_publisher":"https:\/\/www.facebook.com\/mesonlargalego","article_modified_time":"2026-05-12T11:28:13+00:00","og_image":[{"width":800,"height":600,"url":"https:\/\/largalego.com\/wp-content\/uploads\/2026\/04\/presentacion.jpeg","type":"image\/jpeg"}],"twitter_card":"summary_large_image","twitter_misc":{"Est. reading time":"8 minutes"},"schema":{"@context":"https:\/\/schema.org","@graph":[{"@type":"WebPage","@id":"https:\/\/largalego.com\/en\/cookie-policy\/","url":"https:\/\/largalego.com\/en\/cookie-policy\/","name":"Cookie Policy &#187; Mes\u00f3n Lar Galego - Hostal Restaurante en Anna","isPartOf":{"@id":"https:\/\/largalego.com\/#website"},"datePublished":"2026-04-20T07:43:41+00:00","dateModified":"2026-05-12T11:28:13+00:00","breadcrumb":{"@id":"https:\/\/largalego.com\/en\/cookie-policy\/#breadcrumb"},"inLanguage":"en-US","potentialAction":[{"@type":"ReadAction","target":["https:\/\/largalego.com\/en\/cookie-policy\/"]}]},{"@type":"BreadcrumbList","@id":"https:\/\/largalego.com\/en\/cookie-policy\/#breadcrumb","itemListElement":[{"@type":"ListItem","position":1,"name":"Portada","item":"https:\/\/largalego.com\/en\/home-en\/"},{"@type":"ListItem","position":2,"name":"Cookie Policy"}]},{"@type":"WebSite","@id":"https:\/\/largalego.com\/#website","url":"https:\/\/largalego.com\/","name":"Mes\u00f3n Lar Galego - Hostal Restaurante en Anna","description":"Hostal Restaurante que encontrar\u00e1s en Anna (Valencia) llamado Mes\u00f3n Lar Galego","publisher":{"@id":"https:\/\/largalego.com\/#organization"},"alternateName":"Mes\u00f3n Lar Galego","potentialAction":[{"@type":"SearchAction","target":{"@type":"EntryPoint","urlTemplate":"https:\/\/largalego.com\/?s={search_term_string}"},"query-input":{"@type":"PropertyValueSpecification","valueRequired":true,"valueName":"search_term_string"}}],"inLanguage":"en-US"},{"@type":"Organization","@id":"https:\/\/largalego.com\/#organization","name":"Mes\u00f3n Lar Galego","alternateName":"Hostal Restaurante Lar Galego","url":"https:\/\/largalego.com\/","logo":{"@type":"ImageObject","inLanguage":"en-US","@id":"https:\/\/largalego.com\/#\/schema\/logo\/image\/","url":"https:\/\/largalego.com\/wp-content\/uploads\/2026\/04\/horreo.png","contentUrl":"https:\/\/largalego.com\/wp-content\/uploads\/2026\/04\/horreo.png","width":307,"height":307,"caption":"Mes\u00f3n Lar Galego"},"image":{"@id":"https:\/\/largalego.com\/#\/schema\/logo\/image\/"},"sameAs":["https:\/\/www.facebook.com\/mesonlargalego","https:\/\/www.instagram.com\/largalego\/"]}]}},"_links":{"self":[{"href":"https:\/\/largalego.com\/en\/wp-json\/wp\/v2\/pages\/2841","targetHints":{"allow":["GET"]}}],"collection":[{"href":"https:\/\/largalego.com\/en\/wp-json\/wp\/v2\/pages"}],"about":[{"href":"https:\/\/largalego.com\/en\/wp-json\/wp\/v2\/types\/page"}],"author":[{"embeddable":true,"href":"https:\/\/largalego.com\/en\/wp-json\/wp\/v2\/users\/1"}],"replies":[{"embeddable":true,"href":"https:\/\/largalego.com\/en\/wp-json\/wp\/v2\/comments?post=2841"}],"version-history":[{"count":2,"href":"https:\/\/largalego.com\/en\/wp-json\/wp\/v2\/pages\/2841\/revisions"}],"predecessor-version":[{"id":2843,"href":"https:\/\/largalego.com\/en\/wp-json\/wp\/v2\/pages\/2841\/revisions\/2843"}],"wp:attachment":[{"href":"https:\/\/largalego.com\/en\/wp-json\/wp\/v2\/media?parent=2841"}],"curies":[{"name":"wp","href":"https:\/\/api.w.org\/{rel}","templated":true}]}}